{"id":10,"date":"2010-12-10T21:21:42","date_gmt":"2010-12-10T21:21:42","guid":{"rendered":"http:\/\/rafal.sicklittlefox.com\/?page_id=10"},"modified":"2020-06-19T10:07:11","modified_gmt":"2020-06-19T10:07:11","slug":"contact","status":"publish","type":"page","link":"https:\/\/rafal.net\/pl\/contact\/","title":{"rendered":"Kontakt"},"content":{"rendered":"<p><\/p><div id=\"attachment_255\" style=\"width: 310px\" class=\"wp-caption alignnone\"><img aria-describedby=\"caption-attachment-255\" loading=\"lazy\" class=\"size-full wp-image-255 \" title=\"Fotografowanie w Kanionie X\" src=\"\/wp-content\/uploads\/2011\/01\/Photographing-in-Canyon-X.jpg\" alt width=\"300\" height=\"200\"><p id=\"caption-attachment-255\" class=\"wp-caption-text\">Wczesnym rankiem w&nbsp;Kanionie X<\/p><\/div>\n<p>Prosz\u0119 o&nbsp;email do photo@rafal.net.<\/p>\n<p>Z ch\u0119\u00adci\u0105 podziel\u0119 si\u0119 numer\u00adem tele\u00adfonu je\u017celi wolisz porozmawia\u0107 (po pol\u00adsku lub angielsku).<\/p>","protected":false},"excerpt":{"rendered":"<p>Prosz\u0119 o&nbsp;email do photo@rafal.net. Z&nbsp;ch\u0119\u00adci\u0105 podziel\u0119 si\u0119 numer\u00adem tele\u00adfonu je\u017celi wolisz porozmawia\u0107 (po pol\u00adsku lub angielsku).<\/p>\n","protected":false},"author":2,"featured_media":0,"parent":0,"menu_order":5,"comment_status":"closed","ping_status":"closed","template":"","meta":{"wp_typography_post_enhancements_disabled":false},"_links":{"self":[{"href":"https:\/\/rafal.net\/pl\/wp-json\/wp\/v2\/pages\/10"}],"collection":[{"href":"https:\/\/rafal.net\/pl\/wp-json\/wp\/v2\/pages"}],"about":[{"href":"https:\/\/rafal.net\/pl\/wp-json\/wp\/v2\/types\/page"}],"author":[{"embeddable":true,"href":"https:\/\/rafal.net\/pl\/wp-json\/wp\/v2\/users\/2"}],"replies":[{"embeddable":true,"href":"https:\/\/rafal.net\/pl\/wp-json\/wp\/v2\/comments?post=10"}],"version-history":[{"count":1,"href":"https:\/\/rafal.net\/pl\/wp-json\/wp\/v2\/pages\/10\/revisions"}],"predecessor-version":[{"id":1865,"href":"https:\/\/rafal.net\/pl\/wp-json\/wp\/v2\/pages\/10\/revisions\/1865"}],"wp:attachment":[{"href":"https:\/\/rafal.net\/pl\/wp-json\/wp\/v2\/media?parent=10"}],"curies":[{"name":"wp","href":"https:\/\/api.w.org\/{rel}","templated":true}]}}