{"id":12,"date":"2010-12-10T21:31:26","date_gmt":"2010-12-10T21:31:26","guid":{"rendered":"http:\/\/rafal.sicklittlefox.com\/?page_id=12"},"modified":"2010-12-10T21:31:26","modified_gmt":"2010-12-10T21:31:26","slug":"belonging","status":"publish","type":"page","link":"https:\/\/rafal.net\/pl\/belonging\/","title":{"rendered":"Belonging"},"content":{"rendered":"<p>Zdj\u0119cia widoczne pow\u00ady\u017cej s\u0105 reproduk\u00adc\u00adjami foto\u00adgra\ufb01i, kt\u00f3re zaprezentowa\u0142em w&nbsp;<span class=\"numbers\">2011<\/span> na mojej wys\u00adtaw\u00adie <em>(Be)Longing,<\/em> o&nbsp;kt\u00f3rej wi\u0119cej nap\u00adisa\u0142em w&nbsp;<a href=\"\/pl\/2011\/01\/opening-of-belonging-in-krakow\/\" title=\"Opening of (Be)Longing in Krak\u00f3w\">tym artykule<\/a>. S\u0105 one wy\u015bwietlone w&nbsp;kole\u00adjno\u015bci bliskiej tej, w&nbsp;jakiej by\u0142y rozwieszone w&nbsp;muzem. Te foto\u00adgrafie nie s\u0105 ju\u017c dost\u0119pne na sprzeda\u017c\u2009\u2014\u2009prosz\u0119 zobaczy\u0107 moje nowsze prace w&nbsp;<a href=\"\/pl\/gallery\/\">galerii bie\u017c\u0105cej<\/a>.<\/p>\n<p>M\u00f3j <a href=\"\/pl\/buy\/\">album<\/a>, <em>(Be)Longing<\/em>, zaw\u00adi\u00adera dwadzie\u015b\u00adcia cztery reproduk\u00adcje pow\u00ady\u017cszych foto\u00adgra\ufb01i ameryka\u0144skiego po\u0142ud\u00adnioz\u00adacho\u00addu. Kluczowym tem\u00adatem jest poczucie t\u0119sknoty, wynika\u00adj\u0105ce z&nbsp;potrzeby bycia cz\u0119\u015b\u00adci\u0105 pi\u0119kna i&nbsp;poko\u00adju kra\u00adjo\u00adbraz\u00f3w, kt\u00f3re s\u0105 dla cz\u0142ow\u00adieka niego\u015b\u00adcinne, pustynne, dziwne.&nbsp;<\/p>\n<p>Serdecznie zapraszam do <a href=\"\/pl\/subscribe\/\">zap\u00adis\u00adania si\u0119<\/a> by otrzymy\u00adwa\u0107 moje wiado\u00admo\u015bci o&nbsp;now\u00adych foto\u00adgrafiach, <span class=\"numbers\">2<\/span>\u2009\u2013\u2009<span class=\"numbers\">3<\/span> razy na rok, emailem.<\/p>","protected":false},"excerpt":{"rendered":"<p>Zdj\u0119cia widoczne pow\u00ady\u017cej s\u0105 reproduk\u00adc\u00adjami foto\u00adgra\ufb01i, kt\u00f3re zaprezentowa\u0142em w&nbsp;<span class=\"numbers\">2011<\/span> na mojej wys\u00adtaw\u00adie (Be)Longing, o&nbsp;kt\u00f3rej wi\u0119cej nap\u00adisa\u0142em w&nbsp;tym artykule. S\u0105 one wy\u015bwietlone w&nbsp;kole\u00adjno\u015bci bliskiej tej, w&nbsp;jakiej by\u0142y rozwieszone w&nbsp;muzem. Te foto\u00adgrafie nie s\u0105 ju\u017c dost\u0119pne na sprzeda\u017c\u2009\u2014\u2009prosz\u0119 zobaczy\u0107 moje nowsze prace&nbsp;\u2026<\/p>\n","protected":false},"author":2,"featured_media":0,"parent":0,"menu_order":0,"comment_status":"open","ping_status":"closed","template":"galleryxml-page.php","meta":{"wp_typography_post_enhancements_disabled":false},"_links":{"self":[{"href":"https:\/\/rafal.net\/pl\/wp-json\/wp\/v2\/pages\/12"}],"collection":[{"href":"https:\/\/rafal.net\/pl\/wp-json\/wp\/v2\/pages"}],"about":[{"href":"https:\/\/rafal.net\/pl\/wp-json\/wp\/v2\/types\/page"}],"author":[{"embeddable":true,"href":"https:\/\/rafal.net\/pl\/wp-json\/wp\/v2\/users\/2"}],"replies":[{"embeddable":true,"href":"https:\/\/rafal.net\/pl\/wp-json\/wp\/v2\/comments?post=12"}],"version-history":[{"count":0,"href":"https:\/\/rafal.net\/pl\/wp-json\/wp\/v2\/pages\/12\/revisions"}],"wp:attachment":[{"href":"https:\/\/rafal.net\/pl\/wp-json\/wp\/v2\/media?parent=12"}],"curies":[{"name":"wp","href":"https:\/\/api.w.org\/{rel}","templated":true}]}}