{"id":1539,"date":"2014-07-16T22:31:32","date_gmt":"2014-07-16T22:31:32","guid":{"rendered":"http:\/\/rafal.net\/?page_id=1539"},"modified":"2020-06-19T10:05:09","modified_gmt":"2020-06-19T10:05:09","slug":"gallery","status":"publish","type":"page","link":"https:\/\/rafal.net\/pl\/gallery\/","title":{"rendered":"Galeria"},"content":{"rendered":"<p>Oto reproduk\u00adcje moi\u00adch najnowszych foto\u00adgra\ufb01i, kt\u00f3re by\u0142y na wys\u00adtaw\u00adie w&nbsp;<a title=\"Haven Studio\" href=\"http:\/\/www.havenstudio.com\">Haven Studio<\/a>, <span class=\"numbers\">316<\/span> West Yellowstone, Casper, Wyoming.<\/p>\n<p>Te foto\u00adgrafie s\u0105 dost\u0119pne na sprzeda\u017c, ka\u017cda w&nbsp;<em>wydaniu ogran\u00adiczonym<\/em> do <span class=\"numbers\">100<\/span> srebro-\u017celatynow\u00adych odbitek. Kiedy sprzedam ostat\u00adni\u0105 foto\u00adgrafi\u0119, nig\u00addy ju\u017c nie stworz\u0119 dod\u00adatkowej srebro-\u017celatynowej jej odbitki, w&nbsp;\u017cadnym rozmi\u00adar\u00adze lub wyko\u0144czeniu.<\/p>\n<p>Wszystkie foto\u00adgrafie r\u0119cznie wykon\u00ada\u0142em tradycyjn\u0105 tech\u00adnik\u0105 <a href=\"https:\/\/en.wikipedia.org\/wiki\/Gelatin_silver_process\">srebro-\u017celatyny<\/a>, na mok\u00adro, na \u015bwi\u00adat\u0142oczu\u0142ym papierze pokrytym biel\u0105 barytow\u0105, tonow\u00adanym w&nbsp;sel\u00ade\u00adn\u00adie i&nbsp;pod\u00addannym obr\u00f3bce do stand\u00adardu archi\u00adwal\u00adne\u00adgo. Nie korzys\u00adtam z&nbsp;kom\u00adputer\u00ad\u00f3w, drukarek czy innych tech\u00adnik cyfrow\u00adych na \u017cadnym z&nbsp;eta\u00adp\u00f3w tworzenia foto\u00adgrafii. Trwale je zamon\u00adtowa\u0142em na sucho (dry mount\u00ading), na papi\u00aderow\u00adym passe-par\u00adtout jako\u015bci muzeal\u00adnej i&nbsp;wielko\u015bci co najm\u00adniej <span class=\"numbers\">40<\/span>&nbsp;\u00d7&nbsp;<span class=\"numbers\">50<\/span>&nbsp;cm, grubo\u015bci <span class=\"numbers\">2<\/span>&nbsp;mm. Napisa\u0142em artyku\u0142 (w j\u0119zyku angiel\u00adskim)&nbsp;<a href=\"\/2012\/09\/its-all-about-the-print\/\"><em>It\u2019s All About the Print<\/em><\/a>, kt\u00f3ry opisuje, w&nbsp;detalu, moje pode\u00adj\u015bcie do monta\u017cu i&nbsp;prezentacji fotografii.<\/p>\n<p>By zak\u00adupi\u0107 je, prosz\u0119 <a href=\"\/pl\/contact\/\">skon\u00adtak\u00adtowa\u0107<\/a> si\u0119 ze mn\u0105, lub z&nbsp;galer\u00adi\u0105, lub prosz\u0119 skorzys\u00adta\u0107 z&nbsp;du\u017cego przy\u00adcisku <em>koszyka do zak\u00adup\u00f3w,<\/em> pokazane\u00adgo obok <em>\u017car\u00f3wki,<\/em> nad zdj\u0119ciem.<\/p>\n<p>Serdecznie zapraszam do <a href=\"\/pl\/subscribe\/\">zap\u00adis\u00adania si\u0119<\/a> by otrzymy\u00adwa\u0107 moje wiado\u00admo\u015bci o&nbsp;now\u00adych foto\u00adgrafiach, <span class=\"numbers\">2<\/span>\u2009\u2013\u2009<span class=\"numbers\">3<\/span> razy na rok, emailem.<\/p>","protected":false},"excerpt":{"rendered":"<p>Oto reproduk\u00adcje moi\u00adch najnowszych foto\u00adgra\ufb01i, kt\u00f3re by\u0142y na wys\u00adtaw\u00adie w&nbsp;Haven Studio, <span class=\"numbers\">316<\/span> West Yellowstone, Casper, Wyoming. Te foto\u00adgrafie s\u0105 dost\u0119pne na sprzeda\u017c, ka\u017cda w&nbsp;wydaniu ogran\u00adiczonym do <span class=\"numbers\">100<\/span> srebro-\u017celatynow\u00adych odbitek. Kiedy sprzedam ostat\u00adni\u0105 foto\u00adgrafi\u0119, nig\u00addy ju\u017c nie stworz\u0119 dod\u00adatkowej srebro-\u017celatynowej jej&nbsp;\u2026<\/p>\n","protected":false},"author":2,"featured_media":1660,"parent":0,"menu_order":0,"comment_status":"open","ping_status":"closed","template":"galleryxml-page.php","meta":{"wp_typography_post_enhancements_disabled":false},"_links":{"self":[{"href":"https:\/\/rafal.net\/pl\/wp-json\/wp\/v2\/pages\/1539"}],"collection":[{"href":"https:\/\/rafal.net\/pl\/wp-json\/wp\/v2\/pages"}],"about":[{"href":"https:\/\/rafal.net\/pl\/wp-json\/wp\/v2\/types\/page"}],"author":[{"embeddable":true,"href":"https:\/\/rafal.net\/pl\/wp-json\/wp\/v2\/users\/2"}],"replies":[{"embeddable":true,"href":"https:\/\/rafal.net\/pl\/wp-json\/wp\/v2\/comments?post=1539"}],"version-history":[{"count":2,"href":"https:\/\/rafal.net\/pl\/wp-json\/wp\/v2\/pages\/1539\/revisions"}],"predecessor-version":[{"id":1860,"href":"https:\/\/rafal.net\/pl\/wp-json\/wp\/v2\/pages\/1539\/revisions\/1860"}],"wp:featuredmedia":[{"embeddable":true,"href":"https:\/\/rafal.net\/pl\/wp-json\/wp\/v2\/media\/1660"}],"wp:attachment":[{"href":"https:\/\/rafal.net\/pl\/wp-json\/wp\/v2\/media?parent=1539"}],"curies":[{"name":"wp","href":"https:\/\/api.w.org\/{rel}","templated":true}]}}