{"id":1672,"date":"2015-03-12T23:02:58","date_gmt":"2015-03-12T23:02:58","guid":{"rendered":"http:\/\/rafal.net\/?page_id=1672"},"modified":"2020-06-19T10:04:11","modified_gmt":"2020-06-19T10:04:11","slug":"payment","status":"publish","type":"page","link":"https:\/\/rafal.net\/pl\/payment\/","title":{"rendered":"P\u0142atno\u015b\u0107"},"content":{"rendered":"<p>By zap\u0142a\u00adci\u0107 kart\u0105 kredytow\u0105 lub p\u0142at\u00adnicz\u0105 za foto\u00adgrafi\u0119 lub udzi\u00ada\u0142&nbsp;w&nbsp;warsztatach ze mn\u0105 wybierz pon\u00adi\u017cej w\u0142a\u015b\u00adciw\u0105 opcj\u0119. Nast\u0119pna strona, mimo \u017ce jest obs\u0142u\u00adgi\u00adwana przez PayPal, nie wymaga posi\u00adadania konta PayPal i&nbsp;przyjmuje karty. Potwierdzenie wp\u0142aty otrzymasz natych\u00admi\u00adast, nato\u00admi\u00adast ja po\u015bl\u0119 fak\u00adtur\u0119 <span class=\"caps\">VAT<\/span> emailem za <span class=\"numbers\">1<\/span>\u2009\u2013\u2009<span class=\"numbers\">2<\/span>&nbsp;dni.<\/p>\n<h2>Fotografia<\/h2>\n<p>Fotografia srebro-\u017celatynowa, oko\u0142o <span class=\"numbers\">10<\/span> \u00d7 <span class=\"numbers\">13<\/span>\u201d (lub <span class=\"numbers\">10<\/span> \u00d7 <span class=\"numbers\">10<\/span>\u201d je\u017celi kwad\u00adrat), zamon\u00adtow\u00adana do passe-par\u00adtout <span class=\"numbers\">16<\/span> \u00d7 <span class=\"numbers\">20<\/span>\u201d, przykryta oknem wyci\u0119tym z&nbsp;passe-par\u00adtout pod rozmi\u00adar, u\u017cy\u00adwa\u00adj\u0105c archi\u00adwal\u00adnych mater\u00adi\u00ada\u0142\u00f3w jako\u015bci muzealnej.<\/p>\n<p><span class=\"scse\">Cena: <em>$<span class=\"numbers\">800<\/span><\/em><\/span><br>\n<span class=\"scse\">Wysy\u0142ka: <em>$<span class=\"numbers\">35<\/span><\/em><\/span><\/p>\n<form action=\"https:\/\/www.paypal.com\/cgi-bin\/webscr\" method=\"post\" target=\"_top\"><input name=\"cmd\" type=\"hidden\" value=\"_s-xclick\"><br>\n<input name=\"hosted_button_id\" type=\"hidden\" value=\"8HLVP8SY5BT7E\"><br>\n<input alt=\"PayPal \u2014 P\u0142a\u0107 wygodnie i bezpiecznie\" name=\"submit\" src=\"https:\/\/www.paypalobjects.com\/pl_PL\/PL\/i\/btn\/btn_buynowCC_LG.gif\" type=\"image\"><br>\n<img loading=\"lazy\" src=\"\/wp-content\/uploads\/2011\/01\/pixel.gif\" alt width=\"1\" height=\"1\" border=\"0\"><\/form>\n<h2>Fotografia<\/h2>\n<p>Fotografia srebro-\u017celatynowa, oko\u0142o <span class=\"numbers\">15<\/span> \u00d7 <span class=\"numbers\">19<\/span>\u201d (lub <span class=\"numbers\">15<\/span> \u00d7 <span class=\"numbers\">15<\/span>\u201d je\u017celi kwad\u00adrat), zamon\u00adtow\u00adana do passe-par\u00adtout <span class=\"numbers\">22<\/span> \u00d7 <span class=\"numbers\">28<\/span>\u201d, przykryta oknem wyci\u0119tym z&nbsp;passe-par\u00adtout pod rozmi\u00adar, u\u017cy\u00adwa\u00adj\u0105c archi\u00adwal\u00adnych mater\u00adi\u00ada\u0142\u00f3w jako\u015bci muzealnej.<\/p>\n<p><span class=\"scse\">Cena: <em>$<span class=\"numbers\">2100<\/span><\/em><\/span><br>\n<span class=\"scse\">Wysy\u0142ka: <em>$<span class=\"numbers\">35<\/span><\/em><\/span><\/p>\n<form action=\"https:\/\/www.paypal.com\/cgi-bin\/webscr\" method=\"post\" target=\"_top\"><input name=\"cmd\" type=\"hidden\" value=\"_s-xclick\"><br>\n<input name=\"hosted_button_id\" type=\"hidden\" value=\"K6M8KT5D5JGJC\"><br>\n<input alt=\"PayPal \u2014 P\u0142a\u0107 wygodnie i bezpiecznie\" name=\"submit\" src=\"https:\/\/www.paypalobjects.com\/pl_PL\/PL\/i\/btn\/btn_buynowCC_LG.gif\" type=\"image\"><br>\n<img loading=\"lazy\" src=\"\/wp-content\/uploads\/2011\/01\/pixel.gif\" alt width=\"1\" height=\"1\" border=\"0\"><\/form>\n<h2>Warsztaty<\/h2>\n<p>Wybierz w\u0142a\u015b\u00adciw\u0105 cen\u0119 i&nbsp;podaj ilo\u015b\u0107&nbsp;dni (i os\u00f3b) na nast\u0119pnej stronie, odpow\u00adied\u00adnio tam zmi\u00adeniaj\u0105c ilo\u015b\u0107 (quant\u00adity).<\/p>\n<p><span class=\"scse\">Cena warsztat\u00f3w indy\u00adwidu\u00adal\u00adnych, za dzie\u0144: <em>\u20ac<span class=\"numbers\">160<\/span> + <span class=\"numbers\">23<\/span>%&nbsp;<span class=\"caps\">VAT<\/span><\/em><\/span><br>\n<span class=\"scse\">Cena w&nbsp;grupie (max <span class=\"numbers\">3<\/span>&nbsp;osoby), za osob\u0119, za dzie\u0144: <em>\u20ac<span class=\"numbers\">130<\/span> + <span class=\"numbers\">23<\/span>%&nbsp;<span class=\"caps\">VAT<\/span><\/em><\/span><\/p>\n<p>W tej cen\u00adie jest wliczony koszt chemii. Koszt filmu, papieru foto\u00adgraficzne\u00adgo i&nbsp;innych mater\u00adi\u00ada\u0142\u00f3w pozostan\u00adie do roz\u00adliczenia pod koniec warsztat\u00f3w, po cen\u00adie rynkowej bez prowizji.<\/p>\n<div class=\"ppoptiontable\">\n<form action=\"https:\/\/www.paypal.com\/cgi-bin\/webscr\" method=\"post\" target=\"_top\"><input name=\"cmd\" type=\"hidden\" value=\"_s-xclick\"><br>\n<input name=\"hosted_button_id\" type=\"hidden\" value=\"R63ECMMPSKL62\">\n<table>\n<tbody>\n<tr>\n<td><input name=\"on0\" type=\"hidden\" value=\"Workshop type\">Typ warsztat\u00f3w<\/td>\n<\/tr>\n<tr>\n<td><select name=\"os0\"><option value=\"One-to-one\">Indywidualne \u20ac160.00 EUR<\/option><option value=\"Group\">Grupowe \u20ac130.00 EUR<\/option><\/select><\/td>\n<\/tr>\n<\/tbody>\n<\/table>\n<p><input name=\"currency_code\" type=\"hidden\" value=\"EUR\"><br>\n<input alt=\"PayPal \u2014 P\u0142a\u0107 wygodnie i bezpiecznie\" name=\"submit\" src=\"https:\/\/www.paypalobjects.com\/pl_PL\/PL\/i\/btn\/btn_paynowCC_LG.gif\" type=\"image\"><br>\n<img loading=\"lazy\" src=\"\/wp-content\/uploads\/2011\/01\/pixel.gif\" alt width=\"1\" height=\"1\" border=\"0\"><\/p>\n<\/form>\n<\/div>\n<p><\/p>","protected":false},"excerpt":{"rendered":"<p>By zap\u0142a\u00adci\u0107 kart\u0105 kredytow\u0105 lub p\u0142at\u00adnicz\u0105 za foto\u00adgrafi\u0119 lub udzi\u00ada\u0142&nbsp;w&nbsp;warsztatach ze mn\u0105 wybierz pon\u00adi\u017cej w\u0142a\u015b\u00adciw\u0105 opcj\u0119. Nast\u0119pna strona, mimo \u017ce jest obs\u0142u\u00adgi\u00adwana przez PayPal, nie wymaga posi\u00adadania konta PayPal i&nbsp;przyjmuje karty. Potwierdzenie wp\u0142aty otrzymasz natych\u00admi\u00adast, nato\u00admi\u00adast ja po\u015bl\u0119 fak\u00adtur\u0119&nbsp;<span class=\"caps\">VAT<\/span>&nbsp;\u2026<\/p>\n","protected":false},"author":2,"featured_media":0,"parent":0,"menu_order":0,"comment_status":"closed","ping_status":"closed","template":"","meta":{"wp_typography_post_enhancements_disabled":false},"_links":{"self":[{"href":"https:\/\/rafal.net\/pl\/wp-json\/wp\/v2\/pages\/1672"}],"collection":[{"href":"https:\/\/rafal.net\/pl\/wp-json\/wp\/v2\/pages"}],"about":[{"href":"https:\/\/rafal.net\/pl\/wp-json\/wp\/v2\/types\/page"}],"author":[{"embeddable":true,"href":"https:\/\/rafal.net\/pl\/wp-json\/wp\/v2\/users\/2"}],"replies":[{"embeddable":true,"href":"https:\/\/rafal.net\/pl\/wp-json\/wp\/v2\/comments?post=1672"}],"version-history":[{"count":2,"href":"https:\/\/rafal.net\/pl\/wp-json\/wp\/v2\/pages\/1672\/revisions"}],"predecessor-version":[{"id":1858,"href":"https:\/\/rafal.net\/pl\/wp-json\/wp\/v2\/pages\/1672\/revisions\/1858"}],"wp:attachment":[{"href":"https:\/\/rafal.net\/pl\/wp-json\/wp\/v2\/media?parent=1672"}],"curies":[{"name":"wp","href":"https:\/\/api.w.org\/{rel}","templated":true}]}}