{"id":1689,"date":"2015-03-12T23:08:16","date_gmt":"2015-03-12T23:08:16","guid":{"rendered":"http:\/\/rafal.net\/?page_id=1689"},"modified":"2020-06-19T10:04:57","modified_gmt":"2020-06-19T10:04:57","slug":"thank-you","status":"publish","type":"page","link":"https:\/\/rafal.net\/pl\/thank-you\/","title":{"rendered":"Dzi\u0119kuj\u0119"},"content":{"rendered":"<p>Serdecznie dzi\u0119kuj\u0119 za wp\u0142at\u0119. Skontaktuj\u0119 si\u0119 emailem w&nbsp;ci\u0105gu dnia lub&nbsp;jutro.<\/p>","protected":false},"excerpt":{"rendered":"<p>Serdecznie dzi\u0119kuj\u0119 za wp\u0142at\u0119. Skontaktuj\u0119 si\u0119 emailem w&nbsp;ci\u0105gu dnia lub&nbsp;jutro.<\/p>\n","protected":false},"author":2,"featured_media":0,"parent":0,"menu_order":0,"comment_status":"closed","ping_status":"closed","template":"","meta":{"wp_typography_post_enhancements_disabled":false},"_links":{"self":[{"href":"https:\/\/rafal.net\/pl\/wp-json\/wp\/v2\/pages\/1689"}],"collection":[{"href":"https:\/\/rafal.net\/pl\/wp-json\/wp\/v2\/pages"}],"about":[{"href":"https:\/\/rafal.net\/pl\/wp-json\/wp\/v2\/types\/page"}],"author":[{"embeddable":true,"href":"https:\/\/rafal.net\/pl\/wp-json\/wp\/v2\/users\/2"}],"replies":[{"embeddable":true,"href":"https:\/\/rafal.net\/pl\/wp-json\/wp\/v2\/comments?post=1689"}],"version-history":[{"count":1,"href":"https:\/\/rafal.net\/pl\/wp-json\/wp\/v2\/pages\/1689\/revisions"}],"predecessor-version":[{"id":1859,"href":"https:\/\/rafal.net\/pl\/wp-json\/wp\/v2\/pages\/1689\/revisions\/1859"}],"wp:attachment":[{"href":"https:\/\/rafal.net\/pl\/wp-json\/wp\/v2\/media?parent=1689"}],"curies":[{"name":"wp","href":"https:\/\/api.w.org\/{rel}","templated":true}]}}