{"id":18,"date":"2011-01-01T15:00:44","date_gmt":"2011-01-01T15:00:44","guid":{"rendered":"http:\/\/rafal.sicklittlefox.com\/?page_id=18"},"modified":"2021-01-08T18:08:47","modified_gmt":"2021-01-08T18:08:47","slug":"home","status":"publish","type":"page","link":"https:\/\/rafal.net\/pl\/","title":{"rendered":"Home"},"content":{"rendered":"<p><\/p>\n<h1>Kocham fotogra\ufb01\u0119 czarno-bia\u0142\u0105!<\/h1>\n<p>Zajmuj\u0119 si\u0119 foto\u00adgra\ufb01\u0105 pejz\u00ada\u00ad\u017cu i&nbsp;spec\u00adjalizuj\u0119 si\u0119 w&nbsp;tradycyjnej tech\u00adnice srebro-\u017celatyny.<\/p>\n<p>Lubi\u0119 foto\u00adgra\u00adfowa\u0107 apar\u00adatem wielko\u00adform\u00adatow\u00adym i&nbsp;r\u0119cznie wywo\u0142uj\u0119 zdj\u0119\u00adcia we w\u0142as\u00adnej ciemni korzys\u00adta\u00adj\u0105c z&nbsp;tech\u00adnik, kt\u00f3re niew\u00adiele zmi\u00aden\u00adi\u0142y si\u0119 w&nbsp;ostat\u00adn\u00adim stule\u00adciu. Wierz\u0119, \u017ce powolny i&nbsp;anga\u017cuj\u0105cy pro\u00adces tw\u00f3r\u00adczy pozwala mi na bardziej intymne spojrzenie w&nbsp;z\u0142o\u017cono\u015b\u0107 \u015bwiata.<\/p>\n<p>Od wielu lat moj\u0105 inspir\u00adacj\u0105 jest odbicie si\u0119 surowej abstrak\u00adcji wys\u00adt\u0119puj\u0105cej w&nbsp;naturze, na sztuce i&nbsp;cywilizacji.<\/p>\n<p>Dzi\u0119kuj\u0119 za odwiedz\u00adiny na mojej stronie. Mam nadziej\u0119, \u017ce moje <a href=\"\/pl\/gallery\/\">prace<\/a> oraz <a href=\"\/pl\/articles\/\">przemy\u015blenia<\/a> spraw\u00adi\u0105 przyjemo\u015b\u0107.<\/p>","protected":false},"excerpt":{"rendered":"<p>Kocham foto\u00adgra\ufb01\u0119 czarno-bia\u0142\u0105! Zajmuj\u0119 si\u0119 foto\u00adgra\ufb01\u0105 pejz\u00ada\u00ad\u017cu i&nbsp;spec\u00adjalizuj\u0119 si\u0119 w&nbsp;tradycyjnej tech\u00adnice srebro-\u017celatyny. Lubi\u0119 foto\u00adgra\u00adfowa\u0107 apar\u00adatem wielko\u00adform\u00adatow\u00adym i&nbsp;r\u0119cznie wywo\u0142uj\u0119 zdj\u0119\u00adcia we w\u0142as\u00adnej ciemni korzys\u00adta\u00adj\u0105c z&nbsp;tech\u00adnik, kt\u00f3re niew\u00adiele zmi\u00aden\u00adi\u0142y si\u0119 w&nbsp;ostat\u00adn\u00adim stule\u00adciu. Wierz\u0119, \u017ce powolny i&nbsp;anga\u017cuj\u0105cy pro\u00adces tw\u00f3r\u00adczy pozwala mi na bardziej&nbsp;\u2026<\/p>\n","protected":false},"author":2,"featured_media":1660,"parent":0,"menu_order":0,"comment_status":"closed","ping_status":"closed","template":"homexml-page.php","meta":{"wp_typography_post_enhancements_disabled":false},"_links":{"self":[{"href":"https:\/\/rafal.net\/pl\/wp-json\/wp\/v2\/pages\/18"}],"collection":[{"href":"https:\/\/rafal.net\/pl\/wp-json\/wp\/v2\/pages"}],"about":[{"href":"https:\/\/rafal.net\/pl\/wp-json\/wp\/v2\/types\/page"}],"author":[{"embeddable":true,"href":"https:\/\/rafal.net\/pl\/wp-json\/wp\/v2\/users\/2"}],"replies":[{"embeddable":true,"href":"https:\/\/rafal.net\/pl\/wp-json\/wp\/v2\/comments?post=18"}],"version-history":[{"count":1,"href":"https:\/\/rafal.net\/pl\/wp-json\/wp\/v2\/pages\/18\/revisions"}],"predecessor-version":[{"id":1866,"href":"https:\/\/rafal.net\/pl\/wp-json\/wp\/v2\/pages\/18\/revisions\/1866"}],"wp:featuredmedia":[{"embeddable":true,"href":"https:\/\/rafal.net\/pl\/wp-json\/wp\/v2\/media\/1660"}],"wp:attachment":[{"href":"https:\/\/rafal.net\/pl\/wp-json\/wp\/v2\/media?parent=18"}],"curies":[{"name":"wp","href":"https:\/\/api.w.org\/{rel}","templated":true}]}}