{"id":436,"date":"2011-01-17T00:46:26","date_gmt":"2011-01-17T00:46:26","guid":{"rendered":"http:\/\/rafal.net\/"},"modified":"2022-07-06T23:30:59","modified_gmt":"2022-07-06T22:30:59","slug":"buy","status":"publish","type":"page","link":"https:\/\/rafal.net\/pl\/buy\/","title":{"rendered":"Zakup"},"content":{"rendered":"<p>By zak\u00adupi\u0107 co\u015b z&nbsp;tej strony u\u017cyj przy\u00adcisku \u201eDodaj do koszyka\u201d zna\u00adj\u00adduj\u0105ce\u00adgo si\u0119 pod opis\u00adami produk\u00adt\u00f3w. By zap\u0142a\u00adci\u0107, naci\u015bn\u00adij \u201ePoka\u017c koszyk\u201d:<\/p>\n<form action=\"https:\/\/www.paypal.com\/cgi-bin\/webscr\" method=\"post\" target=\"paypal\"><input name=\"shopping_url\" type=\"hidden\" value=\"\/pl\/buy\/\"><input name=\"cmd\" type=\"hidden\" value=\"_cart\"><input name=\"business\" type=\"hidden\" value=\"LNARCUPC55EZU\"><input name=\"display\" type=\"hidden\" value=\"1\"><input alt=\"PayPal \u2014 P\u0142a\u0107 wygodnie i bezpiecznie\" name=\"submit\" src=\"\/wp-content\/uploads\/2011\/01\/btn_viewcart_SM_PL.gif\" type=\"image\"><img loading=\"lazy\" src=\"\/wp-content\/uploads\/2011\/01\/pixel.gif\" alt width=\"1\" height=\"1\" border=\"0\"><\/form>\n<h2>Album fotogra\ufb01czny <em>(Be)Longing<\/em><\/h2>\n<p>M\u00f3j pier\u00adwszy album, wydany w&nbsp;zwi\u0105zku z&nbsp;wys\u00adtaw\u0105 <a title=\"Belonging\" href=\"\/pl\/belonging\/\"><em>(Be)Longing<\/em><\/a>&nbsp;z&nbsp;<span class=\"numbers\">2011<\/span>, jest dost\u0119pny w&nbsp;sprzeda\u017cy. Znajdziesz w&nbsp;nim&nbsp;dobre&nbsp;reproduk\u00adcje tri\u00adchromiczne moi\u00adch ory\u00adgin\u00adal\u00adnych srebro-\u017celatynow\u00adych foto\u00adgra\ufb01i. Bra\u0142em udzi\u00ada\u0142 i&nbsp;osobi\u015bcie dba\u0142em o&nbsp;ka\u017cdy etap ich druku o\ufb00setowego.<\/p>\n<div class=\"ppoptiontable\">\n<form action=\"https:\/\/www.paypal.com\/cgi-bin\/webscr\" method=\"post\" target=\"paypal\"><input name=\"shopping_url\" type=\"hidden\" value=\"\/pl\/buy\/\"><input name=\"cmd\" type=\"hidden\" value=\"_s-xclick\"><input name=\"hosted_button_id\" type=\"hidden\" value=\"MARAXUBX737FL\">\n<table>\n<tbody>\n<tr>\n<td><input name=\"on0\" type=\"hidden\" value=\"Signed\">Autograf?<\/td>\n<\/tr>\n<tr>\n<td><select name=\"os0\"><option value=\"Unsigned\">Bez autografu $30<\/option><option value=\"Signed by the Author\">Z autografem autora $30<\/option><\/select><\/td>\n<\/tr>\n<\/tbody>\n<\/table>\n<p><input name=\"currency_code\" type=\"hidden\" value=\"USD\"><input alt=\"PayPal \u2014 P\u0142a\u0107 wygodnie i bezpiecznie\" name=\"submit\" src=\"\/wp-content\/uploads\/2011\/01\/btn_cart_SM_PL.gif\" type=\"image\"><img loading=\"lazy\" src=\"\/wp-content\/uploads\/2011\/01\/pixel.gif\" alt width=\"1\" height=\"1\" border=\"0\"><\/p>\n<\/form>\n<\/div>\n<p><img loading=\"lazy\" class=\"alignleft size-full wp-image-441\" title=\"(Be)Longing Rafa\u0142 \u0141ukawiecki\" src=\"\/wp-content\/uploads\/2011\/01\/cover-page-of-belonging-photobook.jpg\" alt=\"Ok\u0142adka albumu fotogra\ufb01cznego \u201e(Be)Longing\u201d Rafa\u0142a \u0141ukawieckiego\" width=\"400\" height=\"339\" srcset=\"https:\/\/rafal.net\/wp-content\/uploads\/2011\/01\/cover-page-of-belonging-photobook.jpg 400w, https:\/\/rafal.net\/wp-content\/uploads\/2011\/01\/cover-page-of-belonging-photobook-300x254.jpg 300w\" sizes=\"(max-width: 400px) 100vw, 400px\"><\/p>\n<h3>Detale albumu<\/h3>\n<p><span class=\"scse\">Tytu\u0142:<\/span> <em>(Be)Longing<\/em> <span class=\"scse\">Autor:<\/span> Rafa\u0142 \u0141ukawiecki <span class=\"scse\">Twarda ok\u0142adka:<\/span> <span class=\"numbers\">64<\/span> strony <span class=\"scse\">J\u0119zyk:<\/span> pol\u00adski i&nbsp;angiel\u00adski <span class=\"scse\">Fotogra\ufb01e:<\/span> <span class=\"numbers\">24<\/span> wierne tri\u00adchromiczne reproduk\u00adcje ory\u00adgin\u00adal\u00adnych czarno-bia\u0142ych foto\u00adgra\ufb01i, zdj\u0119cie na ok\u0142adce i&nbsp;zdj\u0119cie foto\u00adgrafa <span class=\"scse\">Wydawca:<\/span> Muzeum Witra\u017cu <span class=\"scse\">Waga:<\/span> <span class=\"numbers\">505<\/span>&nbsp;g&nbsp;<span class=\"scse\">Rozmiary:<\/span> ok. <span class=\"numbers\">20<\/span>&nbsp;\u00d7&nbsp;<span class=\"numbers\">25<\/span>&nbsp;cm <span class=\"scse\"><span class=\"caps\">ISBN<\/span>:<\/span> <span class=\"numbers\">978<\/span>\u2212<span class=\"numbers\">83<\/span>\u2212<span class=\"numbers\">929984<\/span>\u2212<span class=\"numbers\">0<\/span>\u2212<span class=\"numbers\">2<\/span> <span class=\"scse\">Cena:<\/span> $<span class=\"numbers\">30<\/span><\/p>\n<h2>Oryginalne srebro-\u017celatynowe fotogra\ufb01e<\/h2>\n<p><span class=\"scse\">Cena:<\/span> $<span class=\"numbers\">800<\/span>\u2009\u2013\u2009<span class=\"numbers\">2<\/span>,<span class=\"numbers\">500<\/span> Prosz\u0119 o&nbsp;<a href=\"\/pl\/contact\/\">kon\u00adtakt<\/a>&nbsp;by zam\u00f3wi\u0107 moje prace emailem lub przez tele\u00adfon. W&nbsp;cza\u00adsie trwania wys\u00adtaw, mo\u017cesz zak\u00adupi\u0107 bez\u00adpo\u015bred\u00adnio z&nbsp;galerii. Lub, by zak\u00adupi\u0107 moje foto\u00adgra\ufb01e przez Internet, prosz\u0119 odwiedz\u00adi\u0107 stron\u0119&nbsp;odpowiada\u00adj\u0105cej foto\u00adgra\ufb01i i&nbsp;u\u017cy\u0107 du\u017cego przy\u00adcisku \u201ekoszyk\u201d (zna\u00adj\u00adduj\u0105ce\u00adgo si\u0119 obok przy\u00adcisku \u201e\u017car\u00f3wka\u201d) by wy\u015bwiet\u00adli\u0107 cen\u0119 i&nbsp;wybra\u0107 typ passe-par\u00adtout. W&nbsp;cen\u0119 jest wliczony <span class=\"caps\">VAT<\/span>, ale nie s\u0105 wliczone c\u0142a lub inne pod\u00adatki, za kt\u00f3re mo\u017cesz odpowiada\u0107 je\u017celi mieszkasz poza Uni\u0105 Europejsk\u0105. Nast\u0119pnie naci\u015bn\u00adij przy\u00adcisk \u201eDodaj do koszyka\u201d PayPal. By zap\u0142a\u00adci\u0107 dowoln\u0105 kart\u0105 kredytow\u0105, lub kon\u00adtem PayPal, naci\u015bn\u00adij przy\u00adcisk \u201ePoka\u017c koszyk\u201d i&nbsp;zako\u0144cz pro\u00adces sprzeda\u017cy w&nbsp;sys\u00adtemie PayPal. Mog\u0119 te\u017c podzieli\u0107 si\u0119&nbsp;plikami reproduk\u00adcji o&nbsp;wy\u017cszej rozdziel\u00adczo\u015bci, lub zaaran\u017cowa\u0107 spotkanie si\u0119 w&nbsp;celu obejrzenia ory\u00adgin\u00adal\u00adnych foto\u00adgra\ufb01i. Ze wzgl\u0119du na ogran\u00adiczenia tech\u00adnik kom\u00adputerow\u00adych \u017caden ekran nie odda\u00adje charak\u00adteru ani nie pokazuje wyso\u00adkiej jako\u015bci ory\u00adgin\u00ada\u0142\u00f3w. Sp\u00f3jrz na&nbsp;<a href=\"\/pl\/2011\/01\/grayscale-monitor-calibration\/\">to nar\u00adz\u0119dzie ze skal\u0105 szaro\u015bci<\/a>&nbsp;by sprawdz\u00adi\u0107 kal\u00adib\u00adracj\u0119 swo\u00adjego ekranu je\u017celi foto\u00adgra\ufb01e wygl\u0105da\u00adj\u0105 zbyt ciemno lub za&nbsp;jasno.<\/p>\n<h2>Trwa\u0142o\u015b\u0107 i gwarancja<\/h2>\n<p>Wydaje mi si\u0119, \u017ce nic nie dor\u00f3wnuje sub\u00adtel\u00adnie oprawionej i&nbsp;dobrze o\u015bwietlonej srebro-\u017celatynowej foto\u00adgra\ufb01i wisz\u0105cej na&nbsp;<em>Twojej<\/em>&nbsp;\u015bcianie. Jako, \u017ce zale\u017cy mi na Twojej satys\u00adfak\u00adcji, je\u017celi zdecy\u00addujesz si\u0119 zak\u00adupi\u0107 kt\u00f3r\u0105\u015b z&nbsp;moi\u00adch prac otrzymujesz moj\u0105 gwarancj\u0119. Dla pewno\u015bci, przyjm\u0119 zwrot nieuszkod\u00adzonej foto\u00adgra\ufb01i, kt\u00f3ra zostan\u00adie odes\u0142ana do mnie (przesy\u0142ka na koszt zwraca\u00adj\u0105ce\u00adgo) w&nbsp;ci\u0105gu jed\u00adne\u00adgo miesi\u0105ca od daty zak\u00adupu, by uzyska\u0107 pe\u0142ny zwrot kwoty zak\u00adupu. Na wypadek nieoczekiwa\u00adnych prob\u00adlem\u00f3w tech\u00adnicz\u00adnych z&nbsp;foto\u00adgra\ufb01\u0105, form\u00adal\u00adnie udziel\u0119 gwarancji na okres dw\u00f3ch lat od daty zak\u00adupu. Nie mniej jed\u00adnak, o&nbsp;ile moja foto\u00adgra\ufb01a by\u0142a przechow\u00ady\u00adwana i&nbsp;eksponow\u00adana we w\u0142a\u015b\u00adciwy spos\u00f3b, ch\u0119t\u00adnie udziel\u0119 pomocy tak d\u0142ugo jak tylko b\u0119d\u0119 m\u00f3g\u0142, poniewa\u017c wierz\u0119, \u017ce moje foto\u00adgra\ufb01e pow\u00adinny prz\u00adetrwa\u0107 du\u017co d\u0142u\u017cej ni\u017c ja&nbsp;sam.<\/p>\n<h2>Wysy\u0142ka<\/h2>\n<p>Wszystkie zam\u00f3wienia b\u0119d\u0105 dobrze zapakow\u00adane. Po <a title=\"It's All About the Print\" href=\"\/2012\/09\/its-all-about-the-print\/\">zamon\u00adtowaniu na passep\u00adar\u00adtout<\/a> foto\u00adgrafii, zaraz przed wysy\u0142k\u0105, zaw\u00adijam je w&nbsp;gruby polietylen i&nbsp;pak\u00aduj\u0119 w&nbsp;spec\u00adjalne etui wykon\u00adane z&nbsp;trzech arkuszy fal\u00adist\u00adego kar\u00adtonu o&nbsp;pod\u00adw\u00f3j\u00adnych \u015bcianach. Albumy i&nbsp;poczt\u00f3wki wysy\u0142am w&nbsp;ci\u0105gu <span class=\"numbers\">2<\/span>\u2009\u2013\u2009<span class=\"numbers\">3<\/span> dni od otrzy\u00admania zap\u0142a\u00adcon\u00ade\u00adgo zam\u00f3wienia. Oryginalne srebro-\u017celatynowe foto\u00adgra\ufb01e mog\u0105 wymaga\u0107 wi\u0119cej czasu, jako \u017ce mon\u00adtuj\u0119 na passe-par\u00adtout i&nbsp;pod\u00adpisuj\u0119 je r\u0119cznie indy\u00adwidu\u00adal\u00adnie na ka\u017cde zam\u00f3wienie. Fotografie kt\u00f3re mam gotowe wysy\u0142am w&nbsp;ci\u0105gu <span class=\"numbers\">3<\/span>\u2009\u2013\u2009<span class=\"numbers\">5<\/span> dni. Pozosta\u0142e mog\u0105 wymaga\u0107 miesi\u0105ca i&nbsp;poin\u00adfor\u00admuj\u0119 co do dok\u0142ad\u00adniejszej daty. Niekt\u00f3re zam\u00f3wienia mog\u0105 wymaga\u0107 wi\u0119cej czasu. Prosz\u0119 o&nbsp;<a href=\"\/pl\/contact\/\">kon\u00adtakt ze mn\u0105<\/a> w&nbsp;razie pyta\u0144. Je\u017celi zak\u00adupisz moje ory\u00adgin\u00adal\u00adne srebro-\u017celatynowe foto\u00adgra\ufb01e, koszt przesy\u0142ki ca\u0142ego zam\u00f3wienia jest $<span class=\"numbers\">35<\/span>, bez wzgl\u0119du na ilo\u015b\u0107 sztuk! W&nbsp;prze\u00adciwnym wypadku wysy\u0142ka zwykle kosztuje $<span class=\"numbers\">2<\/span>, ale zale\u017cy od wagi zam\u00f3wienia. PayPal poka\u017ce w\u0142a\u015b\u00adciwy koszt przed eta\u00adpem p\u0142atno\u015bci.<\/p>\n<form action=\"https:\/\/www.paypal.com\/cgi-bin\/webscr\" method=\"post\" target=\"paypal\"><input name=\"shopping_url\" type=\"hidden\" value=\"\/pl\/buy\/\"><input name=\"cmd\" type=\"hidden\" value=\"_cart\"><input name=\"business\" type=\"hidden\" value=\"LNARCUPC55EZU\"><input name=\"display\" type=\"hidden\" value=\"1\"><input alt=\"PayPal \u2014 P\u0142a\u0107 wygodnie i bezpiecznie\" name=\"submit\" src=\"\/wp-content\/uploads\/2011\/01\/btn_viewcart_SM_PL.gif\" type=\"image\"><img loading=\"lazy\" src=\"\/wp-content\/uploads\/2011\/01\/pixel.gif\" alt width=\"1\" height=\"1\" border=\"0\"><\/form>\n<p>Serdecznie dzi\u0119kuj\u0119 za zain\u00adt\u00aderesow\u00adanie zak\u00adu\u00adpem moi\u00adch&nbsp;prac.<\/p>","protected":false},"excerpt":{"rendered":"<p>By zak\u00adupi\u0107 co\u015b z&nbsp;tej strony u\u017cyj przy\u00adcisku \u201eDodaj do koszyka\u201d zna\u00adj\u00adduj\u0105ce\u00adgo si\u0119 pod opis\u00adami produk\u00adt\u00f3w. By zap\u0142a\u00adci\u0107, naci\u015bn\u00adij \u201ePoka\u017c koszyk\u201d: Album foto\u00adgra\ufb01czny (Be)Longing M\u00f3j pier\u00adwszy album, wydany w&nbsp;zwi\u0105zku z&nbsp;wys\u00adtaw\u0105 (Be)Longing&nbsp;z&nbsp;<span class=\"numbers\">2011<\/span>, jest dost\u0119pny w&nbsp;sprzeda\u017cy. Znajdziesz w&nbsp;nim&nbsp;dobre&nbsp;reproduk\u00adcje tri\u00adchromiczne moi\u00adch ory\u00adgin\u00adal\u00adnych srebro-\u017celatynow\u00adych fotogra\ufb01i.&nbsp;\u2026<\/p>\n","protected":false},"author":2,"featured_media":441,"parent":0,"menu_order":6,"comment_status":"closed","ping_status":"closed","template":"","meta":{"wp_typography_post_enhancements_disabled":false},"_links":{"self":[{"href":"https:\/\/rafal.net\/pl\/wp-json\/wp\/v2\/pages\/436"}],"collection":[{"href":"https:\/\/rafal.net\/pl\/wp-json\/wp\/v2\/pages"}],"about":[{"href":"https:\/\/rafal.net\/pl\/wp-json\/wp\/v2\/types\/page"}],"author":[{"embeddable":true,"href":"https:\/\/rafal.net\/pl\/wp-json\/wp\/v2\/users\/2"}],"replies":[{"embeddable":true,"href":"https:\/\/rafal.net\/pl\/wp-json\/wp\/v2\/comments?post=436"}],"version-history":[{"count":2,"href":"https:\/\/rafal.net\/pl\/wp-json\/wp\/v2\/pages\/436\/revisions"}],"predecessor-version":[{"id":1915,"href":"https:\/\/rafal.net\/pl\/wp-json\/wp\/v2\/pages\/436\/revisions\/1915"}],"wp:featuredmedia":[{"embeddable":true,"href":"https:\/\/rafal.net\/pl\/wp-json\/wp\/v2\/media\/441"}],"wp:attachment":[{"href":"https:\/\/rafal.net\/pl\/wp-json\/wp\/v2\/media?parent=436"}],"curies":[{"name":"wp","href":"https:\/\/api.w.org\/{rel}","templated":true}]}}