{"id":687,"date":"2011-01-30T18:28:13","date_gmt":"2011-01-30T18:28:13","guid":{"rendered":"http:\/\/rafal.net\/"},"modified":"2020-06-19T10:06:55","modified_gmt":"2020-06-19T10:06:55","slug":"subscribe","status":"publish","type":"page","link":"https:\/\/rafal.net\/pl\/subscribe\/","title":{"rendered":"Subskrypcja"},"content":{"rendered":"<p><\/p><div id=\"attachment_711\" style=\"width: 310px\" class=\"wp-caption alignright\"><img aria-describedby=\"caption-attachment-711\" loading=\"lazy\" class=\"size-medium wp-image-711\" title=\"Szlak Grandview, Wielki Kanion\" src=\"\/wp-content\/uploads\/2011\/01\/grandview-trail-grand-canyon-300x225.jpg\" alt=\"Szlak Grandview, Wielki Kanion\" width=\"300\" height=\"225\" srcset=\"https:\/\/rafal.net\/wp-content\/uploads\/2011\/01\/grandview-trail-grand-canyon-300x225.jpg 300w, https:\/\/rafal.net\/wp-content\/uploads\/2011\/01\/grandview-trail-grand-canyon.jpg 400w\" sizes=\"(max-width: 300px) 100vw, 300px\"><p id=\"caption-attachment-711\" class=\"wp-caption-text\">Ska\u0142a na szlaku Grandview, Wielki Kanion<\/p><\/div>\n<p>Serdecznie dzi\u0119kuj\u0119 za zain\u00adt\u00aderesow\u00adanie moimi foto\u00adgrafiami. By otrzymy\u00adwa\u0107 moje niereg\u00adu\u00adlarne (<span class=\"numbers\">2<\/span>\u2009\u2013\u2009<span class=\"numbers\">3<\/span> razy na rok) wiado\u00admo\u015bci emailem, w&nbsp;j\u0119zyku angiel\u00adskim, prosz\u0119 wype\u0142n\u00adi\u0107 ten formularz.<\/p>\n<p>Zawsze mo\u017cesz si\u0119 \u0142at\u00adwo wypisa\u0107.<\/p>\n<script>(function() {\n\twindow.mc4wp = window.mc4wp || {\n\t\tlisteners: [],\n\t\tforms: {\n\t\t\ton: function(evt, cb) {\n\t\t\t\twindow.mc4wp.listeners.push(\n\t\t\t\t\t{\n\t\t\t\t\t\tevent   : evt,\n\t\t\t\t\t\tcallback: cb\n\t\t\t\t\t}\n\t\t\t\t);\n\t\t\t}\n\t\t}\n\t}\n})();\n<\/script><!-- Mailchimp for WordPress v4.8.7 - https:\/\/wordpress.org\/plugins\/mailchimp-for-wp\/ --><form id=\"mc4wp-form-2\" class=\"mc4wp-form mc4wp-form-1715 mc4wp-form-theme mc4wp-form-theme-light\" method=\"post\" data-id=\"1715\" data-name=\"Default sign-up form\"><div class=\"mc4wp-form-fields\"><p>\n    <label>Email address<\/label>\n    <input type=\"email\" name=\"EMAIL\" placeholder=\"Your email address (required)\" required=\"required\">\n<\/p><p>\n    <label>First name<\/label>\n    <input type=\"text\" name=\"FNAME\" placeholder=\"Your first name (required)\" required=\"required\">\n<\/p>\n<p>\n    <label>Last name<\/label>\n    <input type=\"text\" name=\"LNAME\" placeholder=\"Your last name\">\n<\/p>\n<p>\n\t<input type=\"submit\" value=\"Sign up\">\n<\/p><\/div><label style=\"display: none !important;\">Leave this field empty if you\u2019re human:&nbsp;<input type=\"text\" name=\"_mc4wp_honeypot\" value tabindex=\"-1\" autocomplete=\"off\"><\/label><input type=\"hidden\" name=\"_mc4wp_timestamp\" value=\"1775907778\"><input type=\"hidden\" name=\"_mc4wp_form_id\" value=\"1715\"><input type=\"hidden\" name=\"_mc4wp_form_element_id\" value=\"mc4wp-form-2\"><div class=\"mc4wp-response\"><\/div><\/form><!-- \/ Mailchimp for WordPress Plugin -->\n<p>Subskrypcj\u0119 obs\u0142uguje <a href=\"http:\/\/mailchimp.com\">MailChimp<\/a>.<\/p>","protected":false},"excerpt":{"rendered":"<p>Serdecznie dzi\u0119kuj\u0119 za zain\u00adt\u00aderesow\u00adanie moimi foto\u00adgrafiami. By otrzymy\u00adwa\u0107 moje niereg\u00adu\u00adlarne (<span class=\"numbers\">2<\/span>\u2009\u2013\u2009<span class=\"numbers\">3<\/span>&nbsp;razy na rok) wiado\u00admo\u015bci emailem, w&nbsp;j\u0119zyku angiel\u00adskim, prosz\u0119 wype\u0142n\u00adi\u0107 ten for\u00admu\u00adlarz. Zawsze mo\u017cesz si\u0119 \u0142at\u00adwo wyp\u00adisa\u0107. Subskrypcj\u0119 obs\u0142uguje MailChimp.<\/p>\n","protected":false},"author":2,"featured_media":711,"parent":0,"menu_order":4,"comment_status":"closed","ping_status":"closed","template":"page-alternative.php","meta":{"wp_typography_post_enhancements_disabled":false},"_links":{"self":[{"href":"https:\/\/rafal.net\/pl\/wp-json\/wp\/v2\/pages\/687"}],"collection":[{"href":"https:\/\/rafal.net\/pl\/wp-json\/wp\/v2\/pages"}],"about":[{"href":"https:\/\/rafal.net\/pl\/wp-json\/wp\/v2\/types\/page"}],"author":[{"embeddable":true,"href":"https:\/\/rafal.net\/pl\/wp-json\/wp\/v2\/users\/2"}],"replies":[{"embeddable":true,"href":"https:\/\/rafal.net\/pl\/wp-json\/wp\/v2\/comments?post=687"}],"version-history":[{"count":2,"href":"https:\/\/rafal.net\/pl\/wp-json\/wp\/v2\/pages\/687\/revisions"}],"predecessor-version":[{"id":1864,"href":"https:\/\/rafal.net\/pl\/wp-json\/wp\/v2\/pages\/687\/revisions\/1864"}],"wp:featuredmedia":[{"embeddable":true,"href":"https:\/\/rafal.net\/pl\/wp-json\/wp\/v2\/media\/711"}],"wp:attachment":[{"href":"https:\/\/rafal.net\/pl\/wp-json\/wp\/v2\/media?parent=687"}],"curies":[{"name":"wp","href":"https:\/\/api.w.org\/{rel}","templated":true}]}}