{"id":8,"date":"2010-12-10T21:21:14","date_gmt":"2010-12-10T21:21:14","guid":{"rendered":"http:\/\/rafal.sicklittlefox.com\/?page_id=8"},"modified":"2020-06-19T10:05:59","modified_gmt":"2020-06-19T10:05:59","slug":"biography","status":"publish","type":"page","link":"https:\/\/rafal.net\/pl\/biography\/","title":{"rendered":"Biografia"},"content":{"rendered":"<p><\/p><div id=\"attachment_249\" style=\"width: 310px\" class=\"wp-caption alignright\"><img aria-describedby=\"caption-attachment-249\" loading=\"lazy\" class=\"size-full wp-image-249\" title=\"Rafa\u0142 fotografuje\" src=\"\/wp-content\/uploads\/2011\/01\/Checking-Focus-on-Checkerboard-Mesa.jpg\" alt width=\"300\" height=\"225\"><p id=\"caption-attachment-249\" class=\"wp-caption-text\">Nastawianie ostro\u015bci na Checkerboard Mesa<\/p><\/div>\n<p><span class=\"scsels\">Rafa\u0142 \u0141ukawiecki<\/span><br>\nur.: Krak\u00f3w <span class=\"numbers\">1971<\/span><br>\nmieszka: Hr. Wicklow, Irlandia<\/p>\n<p>Od <span class=\"numbers\">1980<\/span> roku interesuje si\u0119 foto\u00adgra\ufb01\u0105, pocz\u0105wszy od \u015bred\u00adniego form\u00adatu, oraz tradycyjnymi tech\u00adnikami pracy w&nbsp;ciemni. Kierunek jego edukacji zawodowej kon\u00adcentruje si\u0119 na matematyce i&nbsp;informatyce.<\/p>\n<p><span class=\"numbers\">1990<\/span>\u2009\u2014\u2009Opuszcza Polsk\u0119, stu\u00addi\u00aduje informatyk\u0119 w&nbsp;<a href=\"http:\/\/www.imperial.ac.uk\/computing\/\" target=\"_blank\" rel=\"noopener noreferrer\">Imperial College<\/a>, Uniwersytecie Londy\u0144skim uzyskuj\u0105c BEng&nbsp;Computing Science i&nbsp;MSc&nbsp;Foundations of Advanced Information Technology. Jego stu\u00addia s\u0105 spon\u00adsorow\u00adane przez <a href=\"http:\/\/www.oxfordcomputergroup.com\" target=\"_blank\" rel=\"noopener noreferrer\">Oxford Computer Group Ltd<\/a>, gdzie p\u00f3\u017aniej prac\u00aduje jako pro\u00adgramista, wyk\u0142ad\u00adow\u00adca i&nbsp;konsultant.<\/p>\n<p><span class=\"numbers\">2000<\/span>\u2009\u2014\u2009Pracuje dla <a href=\"http:\/\/projectbotticelli.com\" target=\"_blank\" rel=\"noopener noreferrer\">Project Botticelli Ltd.<\/a> Jest eksper\u00adtem i&nbsp;speaker\u00adem w&nbsp;informatyce. Jego praca wymaga podr\u00f3\u017cy do <span class=\"numbers\">20<\/span>\u2009\u2013\u2009<span class=\"numbers\">40<\/span> kra\u00adj\u00f3w rocznie.<\/p>\n<p><span class=\"numbers\">2001<\/span>\u2009\u2014\u2009Pasja foto\u00adgra\u00adfow\u00adania przy u\u017cy\u00adciu du\u017cego form\u00adatu urzeczy\u00adwist\u00adnia si\u0119\u2009\u2014\u2009<a href=\"\/pl\/belonging\/photo\/navajo-arch\/\">\u0141uk Navajo<\/a> sta\u00adje si\u0119 jed\u00adn\u0105 z&nbsp;pier\u00adwszych foto\u00adgra\ufb01i Rafa\u0142a w&nbsp;tym medium.<\/p>\n<p><span class=\"numbers\">2008<\/span>\u2009\u2014\u2009Wystawa grupowa <em>No Pixels<\/em>, Air\ufb01eld Trust (Dublin).<\/p>\n<p><span class=\"numbers\">2011<\/span>\u2009\u2014\u2009Wystawa indy\u00adwidu\u00adalna <em>(Be)Longing<\/em> w&nbsp;Muzeum Witra\u017cu (Krak\u00f3w).<\/p>\n<p><span class=\"numbers\">2014<\/span>\u2009\u2014\u2009Wystawa indy\u00adwidu\u00adalna <em>Abstract Landscapes,<\/em> Haven Studio (Casper, Wyoming, <span class=\"caps\">USA<\/span>).<\/p>","protected":false},"excerpt":{"rendered":"<p>Rafa\u0142 \u0141ukawiecki ur.: Krak\u00f3w <span class=\"numbers\">1971<\/span> mieszka: Hr. Wicklow, Irlandia Od <span class=\"numbers\">1980<\/span> roku interesuje si\u0119 foto\u00adgra\ufb01\u0105, pocz\u0105wszy od \u015bred\u00adniego form\u00adatu, oraz tradycyjnymi tech\u00adnikami pracy w&nbsp;ciemni. Kierunek jego edukacji zawodowej kon\u00adcentruje si\u0119 na matematyce i&nbsp;informatyce. <span class=\"numbers\">1990<\/span>\u2009\u2014\u2009Opuszcza Polsk\u0119, stu\u00addi\u00aduje informatyk\u0119 w&nbsp;Imperial College, Uniwersytecie&nbsp;\u2026<\/p>\n","protected":false},"author":2,"featured_media":0,"parent":0,"menu_order":3,"comment_status":"closed","ping_status":"closed","template":"","meta":{"wp_typography_post_enhancements_disabled":false},"_links":{"self":[{"href":"https:\/\/rafal.net\/pl\/wp-json\/wp\/v2\/pages\/8"}],"collection":[{"href":"https:\/\/rafal.net\/pl\/wp-json\/wp\/v2\/pages"}],"about":[{"href":"https:\/\/rafal.net\/pl\/wp-json\/wp\/v2\/types\/page"}],"author":[{"embeddable":true,"href":"https:\/\/rafal.net\/pl\/wp-json\/wp\/v2\/users\/2"}],"replies":[{"embeddable":true,"href":"https:\/\/rafal.net\/pl\/wp-json\/wp\/v2\/comments?post=8"}],"version-history":[{"count":1,"href":"https:\/\/rafal.net\/pl\/wp-json\/wp\/v2\/pages\/8\/revisions"}],"predecessor-version":[{"id":1863,"href":"https:\/\/rafal.net\/pl\/wp-json\/wp\/v2\/pages\/8\/revisions\/1863"}],"wp:attachment":[{"href":"https:\/\/rafal.net\/pl\/wp-json\/wp\/v2\/media?parent=8"}],"curies":[{"name":"wp","href":"https:\/\/api.w.org\/{rel}","templated":true}]}}